{"id":18238,"date":"2022-04-11T13:29:07","date_gmt":"2022-04-11T13:29:07","guid":{"rendered":"https:\/\/chinagreenwire.com\/?post_type=product&#038;p=18238"},"modified":"2022-04-11T19:42:35","modified_gmt":"2022-04-11T19:42:35","slug":"solar-light-poles","status":"publish","type":"product","link":"https:\/\/chinagreenwire.com\/fr\/produit\/solar-light-poles\/","title":{"rendered":"P\u00f4les d&#039;\u00e9clairage solaire"},"content":{"rendered":"","protected":false},"excerpt":{"rendered":"<p>Les lampadaires solaires doivent \u00eatre choisis en tenant compte du risque de corrosion, de la taille et du poids de la lampe solaire utilis\u00e9e, des conditions m\u00e9t\u00e9orologiques et des vibrations. Il est particuli\u00e8rement important pour l&#039;\u00e9clairage solaire de faire attention \u00e0 la r\u00e9sistance des p\u00f4les, car le poids de la batterie et la taille du panneau solaire soumettent les p\u00f4les \u00e0 des contraintes plus \u00e9lev\u00e9es.<span class=\"Apple-converted-space\">\u00a0<\/span><\/p>","protected":false},"featured_media":18169,"template":"","meta":[],"product_cat":[93],"product_tag":[],"class_list":["post-18238","product","type-product","status-publish","has-post-thumbnail","hentry","product_cat-solar-lights"],"_links":{"self":[{"href":"https:\/\/chinagreenwire.com\/fr\/wp-json\/wp\/v2\/product\/18238","targetHints":{"allow":["GET"]}}],"collection":[{"href":"https:\/\/chinagreenwire.com\/fr\/wp-json\/wp\/v2\/product"}],"about":[{"href":"https:\/\/chinagreenwire.com\/fr\/wp-json\/wp\/v2\/types\/product"}],"version-history":[{"count":1,"href":"https:\/\/chinagreenwire.com\/fr\/wp-json\/wp\/v2\/product\/18238\/revisions"}],"predecessor-version":[{"id":18239,"href":"https:\/\/chinagreenwire.com\/fr\/wp-json\/wp\/v2\/product\/18238\/revisions\/18239"}],"wp:featuredmedia":[{"embeddable":true,"href":"https:\/\/chinagreenwire.com\/fr\/wp-json\/wp\/v2\/media\/18169"}],"wp:attachment":[{"href":"https:\/\/chinagreenwire.com\/fr\/wp-json\/wp\/v2\/media?parent=18238"}],"wp:term":[{"taxonomy":"product_cat","embeddable":true,"href":"https:\/\/chinagreenwire.com\/fr\/wp-json\/wp\/v2\/product_cat?post=18238"},{"taxonomy":"product_tag","embeddable":true,"href":"https:\/\/chinagreenwire.com\/fr\/wp-json\/wp\/v2\/product_tag?post=18238"}],"curies":[{"name":"wp","href":"https:\/\/api.w.org\/{rel}","templated":true}]}}