{"id":18236,"date":"2022-04-11T13:28:17","date_gmt":"2022-04-11T13:28:17","guid":{"rendered":"https:\/\/chinagreenwire.com\/?post_type=product&#038;p=18236"},"modified":"2022-04-11T19:42:41","modified_gmt":"2022-04-11T19:42:41","slug":"solar-flood-light","status":"publish","type":"product","link":"https:\/\/chinagreenwire.com\/fr\/produit\/solar-flood-light\/","title":{"rendered":"Projecteur solaire"},"content":{"rendered":"","protected":false},"excerpt":{"rendered":"<div class=\"elementor-element elementor-element-b4132aa elementor-widget elementor-widget-text-editor\" data-id=\"b4132aa\" data-element_type=\"widget\" data-widget_type=\"text-editor.default\">\n<div class=\"elementor-widget-container\">\n<p class=\"p1\">Les projecteurs solaires sont de conception simple et compacte et offrent le meilleur rapport co\u00fbt \/ efficacit\u00e9 d&#039;\u00e9clairage.<span class=\"Apple-converted-space\">\u00a0<\/span><\/p>\n<p class=\"p1\">La disposition des projecteurs solaires leur permet d&#039;\u00eatre install\u00e9s sur des murs, des cl\u00f4tures, des poteaux dans divers espaces ext\u00e9rieurs pour inonder une zone de luminosit\u00e9. Ils sont largement utilis\u00e9s dans les parkings pour les panneaux d&#039;affichage et les drapeaux. Les projecteurs solaires sont \u00e9galement utilis\u00e9s dans les espaces urbains pour \u00e9clairer les b\u00e2timents, les logos et les monuments la nuit. Souvent, la lumi\u00e8re est positionn\u00e9e pour \u00e9clairer des zones relativement grandes.<\/p>\n<\/div>\n<\/div>\n<div class=\"elementor-element elementor-element-9d1a243 elementor-widget elementor-widget-spacer\" data-id=\"9d1a243\" data-element_type=\"widget\" data-widget_type=\"spacer.default\">\n<div class=\"elementor-widget-container\">\n<div class=\"elementor-spacer\"><\/div>\n<\/div>\n<\/div>","protected":false},"featured_media":18141,"template":"","meta":[],"product_cat":[93],"product_tag":[],"class_list":["post-18236","product","type-product","status-publish","has-post-thumbnail","hentry","product_cat-solar-lights"],"_links":{"self":[{"href":"https:\/\/chinagreenwire.com\/fr\/wp-json\/wp\/v2\/product\/18236","targetHints":{"allow":["GET"]}}],"collection":[{"href":"https:\/\/chinagreenwire.com\/fr\/wp-json\/wp\/v2\/product"}],"about":[{"href":"https:\/\/chinagreenwire.com\/fr\/wp-json\/wp\/v2\/types\/product"}],"version-history":[{"count":1,"href":"https:\/\/chinagreenwire.com\/fr\/wp-json\/wp\/v2\/product\/18236\/revisions"}],"predecessor-version":[{"id":18237,"href":"https:\/\/chinagreenwire.com\/fr\/wp-json\/wp\/v2\/product\/18236\/revisions\/18237"}],"wp:featuredmedia":[{"embeddable":true,"href":"https:\/\/chinagreenwire.com\/fr\/wp-json\/wp\/v2\/media\/18141"}],"wp:attachment":[{"href":"https:\/\/chinagreenwire.com\/fr\/wp-json\/wp\/v2\/media?parent=18236"}],"wp:term":[{"taxonomy":"product_cat","embeddable":true,"href":"https:\/\/chinagreenwire.com\/fr\/wp-json\/wp\/v2\/product_cat?post=18236"},{"taxonomy":"product_tag","embeddable":true,"href":"https:\/\/chinagreenwire.com\/fr\/wp-json\/wp\/v2\/product_tag?post=18236"}],"curies":[{"name":"wp","href":"https:\/\/api.w.org\/{rel}","templated":true}]}}