{"id":18234,"date":"2022-04-11T13:27:51","date_gmt":"2022-04-11T13:27:51","guid":{"rendered":"https:\/\/chinagreenwire.com\/?post_type=product&#038;p=18234"},"modified":"2022-04-11T19:42:48","modified_gmt":"2022-04-11T19:42:48","slug":"solar-post-top-and-solar-bollards","status":"publish","type":"product","link":"https:\/\/chinagreenwire.com\/fr\/produit\/solar-post-top-and-solar-bollards\/","title":{"rendered":"Dessus de poteau solaire et bornes solaires"},"content":{"rendered":"","protected":false},"excerpt":{"rendered":"<p>Les \u00e9clairages de zone sont con\u00e7us pour les espaces ext\u00e9rieurs qui n\u00e9cessitent une solution d&#039;\u00e9clairage esth\u00e9tique pour les pi\u00e9tons. Ils sont largement utilis\u00e9s dans les parcs, les parkings, les quais et les passerelles. C&#039;est une solution fiable qui identifie automatiquement les heures de jour et de nuit. Souvent, les luminaires sont positionn\u00e9s \u00e0 2 \u00e0 4 m\u00e8tres du sol et ont une puissance LED comprise entre 3W et 20W.<\/p>","protected":false},"featured_media":18130,"template":"","meta":[],"product_cat":[93],"product_tag":[],"class_list":["post-18234","product","type-product","status-publish","has-post-thumbnail","hentry","product_cat-solar-lights"],"_links":{"self":[{"href":"https:\/\/chinagreenwire.com\/fr\/wp-json\/wp\/v2\/product\/18234","targetHints":{"allow":["GET"]}}],"collection":[{"href":"https:\/\/chinagreenwire.com\/fr\/wp-json\/wp\/v2\/product"}],"about":[{"href":"https:\/\/chinagreenwire.com\/fr\/wp-json\/wp\/v2\/types\/product"}],"version-history":[{"count":1,"href":"https:\/\/chinagreenwire.com\/fr\/wp-json\/wp\/v2\/product\/18234\/revisions"}],"predecessor-version":[{"id":18235,"href":"https:\/\/chinagreenwire.com\/fr\/wp-json\/wp\/v2\/product\/18234\/revisions\/18235"}],"wp:featuredmedia":[{"embeddable":true,"href":"https:\/\/chinagreenwire.com\/fr\/wp-json\/wp\/v2\/media\/18130"}],"wp:attachment":[{"href":"https:\/\/chinagreenwire.com\/fr\/wp-json\/wp\/v2\/media?parent=18234"}],"wp:term":[{"taxonomy":"product_cat","embeddable":true,"href":"https:\/\/chinagreenwire.com\/fr\/wp-json\/wp\/v2\/product_cat?post=18234"},{"taxonomy":"product_tag","embeddable":true,"href":"https:\/\/chinagreenwire.com\/fr\/wp-json\/wp\/v2\/product_tag?post=18234"}],"curies":[{"name":"wp","href":"https:\/\/api.w.org\/{rel}","templated":true}]}}