{"id":18230,"date":"2022-04-11T13:26:20","date_gmt":"2022-04-11T13:26:20","guid":{"rendered":"https:\/\/chinagreenwire.com\/?post_type=product&#038;p=18230"},"modified":"2022-04-11T19:42:53","modified_gmt":"2022-04-11T19:42:53","slug":"solar-road-light","status":"publish","type":"product","link":"https:\/\/chinagreenwire.com\/fr\/produit\/solar-road-light\/","title":{"rendered":"Feu de route solaire"},"content":{"rendered":"","protected":false},"excerpt":{"rendered":"<p>Les feux de route solaires sont con\u00e7us pour les autoroutes, les rues et les routes \u00e0 trafic moyen \u00e0 \u00e9lev\u00e9. Parce que les routes ont besoin d&#039;une quantit\u00e9 importante d&#039;\u00e9clairage toute la nuit pour assurer la s\u00e9curit\u00e9 de conduite, la taille des feux de route solaires est parmi les plus importantes. Les feux de route solaires sont sp\u00e9cialement con\u00e7us pour r\u00e9pondre \u00e0 ces exigences. Ils sont positionn\u00e9s de 7 \u00e0 11 m\u00e8tres au-dessus du sol et ont une port\u00e9e d&#039;\u00e9clairage de 15 \u00e0 30 m\u00e8tres. En raison de la longue dur\u00e9e d&#039;\u00e9clairage \u00e0 haute puissance, il est important que le luminaire dispose d&#039;un grand panneau solaire pour charger des batteries de grande capacit\u00e9 afin d&#039;assurer un \u00e9clairage suffisant toute la nuit.<\/p>","protected":false},"featured_media":18100,"template":"","meta":[],"product_cat":[93],"product_tag":[],"class_list":["post-18230","product","type-product","status-publish","has-post-thumbnail","hentry","product_cat-solar-lights"],"_links":{"self":[{"href":"https:\/\/chinagreenwire.com\/fr\/wp-json\/wp\/v2\/product\/18230","targetHints":{"allow":["GET"]}}],"collection":[{"href":"https:\/\/chinagreenwire.com\/fr\/wp-json\/wp\/v2\/product"}],"about":[{"href":"https:\/\/chinagreenwire.com\/fr\/wp-json\/wp\/v2\/types\/product"}],"version-history":[{"count":1,"href":"https:\/\/chinagreenwire.com\/fr\/wp-json\/wp\/v2\/product\/18230\/revisions"}],"predecessor-version":[{"id":18231,"href":"https:\/\/chinagreenwire.com\/fr\/wp-json\/wp\/v2\/product\/18230\/revisions\/18231"}],"wp:featuredmedia":[{"embeddable":true,"href":"https:\/\/chinagreenwire.com\/fr\/wp-json\/wp\/v2\/media\/18100"}],"wp:attachment":[{"href":"https:\/\/chinagreenwire.com\/fr\/wp-json\/wp\/v2\/media?parent=18230"}],"wp:term":[{"taxonomy":"product_cat","embeddable":true,"href":"https:\/\/chinagreenwire.com\/fr\/wp-json\/wp\/v2\/product_cat?post=18230"},{"taxonomy":"product_tag","embeddable":true,"href":"https:\/\/chinagreenwire.com\/fr\/wp-json\/wp\/v2\/product_tag?post=18230"}],"curies":[{"name":"wp","href":"https:\/\/api.w.org\/{rel}","templated":true}]}}