{"id":18225,"date":"2022-04-11T13:20:23","date_gmt":"2022-04-11T13:20:23","guid":{"rendered":"https:\/\/chinagreenwire.com\/?post_type=product&#038;p=18225"},"modified":"2022-04-11T19:43:07","modified_gmt":"2022-04-11T19:43:07","slug":"opzs-opzv-battery","status":"publish","type":"product","link":"https:\/\/chinagreenwire.com\/fr\/produit\/opzs-opzv-battery\/","title":{"rendered":"Batterie OPzS et OPzV"},"content":{"rendered":"","protected":false},"excerpt":{"rendered":"<p>Les batteries OPz sont des batteries stationnaires haut de gamme con\u00e7ues pour les applications n\u00e9cessitant des cycles profonds fr\u00e9quents. Technologie allemande relativement r\u00e9cente, les batteries OPz adoptent une conception tubulaire qui les diff\u00e9rencie des batteries plates standards et offrent jusqu&#039;\u00e0 20% de capacit\u00e9 en plus pour le m\u00eame poids. Bien que l&#039;application des batteries OPzV et OPzS soit la m\u00eame, elles adoptent une conception diff\u00e9rente.<\/p>","protected":false},"featured_media":17766,"template":"","meta":[],"product_cat":[92],"product_tag":[],"class_list":["post-18225","product","type-product","status-publish","has-post-thumbnail","hentry","product_cat-storage"],"_links":{"self":[{"href":"https:\/\/chinagreenwire.com\/fr\/wp-json\/wp\/v2\/product\/18225","targetHints":{"allow":["GET"]}}],"collection":[{"href":"https:\/\/chinagreenwire.com\/fr\/wp-json\/wp\/v2\/product"}],"about":[{"href":"https:\/\/chinagreenwire.com\/fr\/wp-json\/wp\/v2\/types\/product"}],"version-history":[{"count":1,"href":"https:\/\/chinagreenwire.com\/fr\/wp-json\/wp\/v2\/product\/18225\/revisions"}],"predecessor-version":[{"id":18226,"href":"https:\/\/chinagreenwire.com\/fr\/wp-json\/wp\/v2\/product\/18225\/revisions\/18226"}],"wp:featuredmedia":[{"embeddable":true,"href":"https:\/\/chinagreenwire.com\/fr\/wp-json\/wp\/v2\/media\/17766"}],"wp:attachment":[{"href":"https:\/\/chinagreenwire.com\/fr\/wp-json\/wp\/v2\/media?parent=18225"}],"wp:term":[{"taxonomy":"product_cat","embeddable":true,"href":"https:\/\/chinagreenwire.com\/fr\/wp-json\/wp\/v2\/product_cat?post=18225"},{"taxonomy":"product_tag","embeddable":true,"href":"https:\/\/chinagreenwire.com\/fr\/wp-json\/wp\/v2\/product_tag?post=18225"}],"curies":[{"name":"wp","href":"https:\/\/api.w.org\/{rel}","templated":true}]}}